{"id":488,"date":"2023-04-26T20:45:42","date_gmt":"2023-04-26T18:45:42","guid":{"rendered":"http:\/\/www.existe-en-ciel.com\/Veronique\/?page_id=488"},"modified":"2023-06-30T18:46:46","modified_gmt":"2023-06-30T16:46:46","slug":"qui-suis-je","status":"publish","type":"page","link":"http:\/\/www.existe-en-ciel.com\/Veronique\/qui-suis-je\/","title":{"rendered":"Qui suis-je ?"},"content":{"rendered":"<p>[et_pb_section fb_built=\u00a0\u00bb1&Prime; admin_label=\u00a0\u00bbAbout\u00a0\u00bb _builder_version=\u00a0\u00bb4.18.0&Prime; _module_preset=\u00a0\u00bbdefault\u00a0\u00bb overflow-x=\u00a0\u00bbhidden\u00a0\u00bb overflow-y=\u00a0\u00bbhidden\u00a0\u00bb custom_padding=\u00a0\u00bb||32px|||\u00a0\u00bb global_colors_info=\u00a0\u00bb{}\u00a0\u00bb][et_pb_row column_structure=\u00a0\u00bb1_2,1_2&Prime; _builder_version=\u00a0\u00bb4.18.0&Prime; _module_preset=\u00a0\u00bbdefault\u00a0\u00bb locked=\u00a0\u00bboff\u00a0\u00bb global_colors_info=\u00a0\u00bb{}\u00a0\u00bb][et_pb_column type=\u00a0\u00bb1_2&Prime; _builder_version=\u00a0\u00bb4.18.0&Prime; _module_preset=\u00a0\u00bbdefault\u00a0\u00bb z_index=\u00a0\u00bb10&Prime; global_colors_info=\u00a0\u00bb{}\u00a0\u00bb][et_pb_image src=\u00a0\u00bbhttp:\/\/www.existe-en-ciel.com\/Veronique\/wp-content\/uploads\/2023\/03\/lise-loncan-in-deco-architecture-interieure4.jpg\u00a0\u00bb title_text=\u00a0\u00bblise-loncan-in-deco-architecture-interieure4&Prime; _builder_version=\u00a0\u00bb4.18.0&Prime; _module_preset=\u00a0\u00bbdefault\u00a0\u00bb background_color=\u00a0\u00bb#372E2B\u00a0\u00bb custom_margin=\u00a0\u00bb||||false|false\u00a0\u00bb custom_padding=\u00a0\u00bb|30%|||false|false\u00a0\u00bb locked=\u00a0\u00bboff\u00a0\u00bb global_colors_info=\u00a0\u00bb{}\u00a0\u00bb][\/et_pb_image][et_pb_text _builder_version=\u00a0\u00bb4.18.0&Prime; _module_preset=\u00a0\u00bb7b39e609-07da-4c2d-b385-8265485d0349&Prime; header_2_font=\u00a0\u00bbKrona One|||on|||||\u00a0\u00bb header_2_text_color=\u00a0\u00bb#8D044E\u00a0\u00bb header_2_font_size=\u00a0\u00bb100px\u00a0\u00bb header_2_line_height=\u00a0\u00bb1.2em\u00a0\u00bb custom_margin=\u00a0\u00bb|-100%|||false|false\u00a0\u00bb custom_margin_tablet=\u00a0\u00bb|0%|||false|false\u00a0\u00bb custom_margin_phone=\u00a0\u00bb|0%|||false|false\u00a0\u00bb custom_margin_last_edited=\u00a0\u00bbon|phone\u00a0\u00bb custom_padding=\u00a0\u00bb||||false|false\u00a0\u00bb hover_enabled=\u00a0\u00bb0&Prime; header_2_font_size_tablet=\u00a0\u00bb50px\u00a0\u00bb header_2_font_size_phone=\u00a0\u00bb30px\u00a0\u00bb header_2_font_size_last_edited=\u00a0\u00bbon|phone\u00a0\u00bb header_2_text_shadow_style=\u00a0\u00bbpreset2&Prime; header_2_text_shadow_color=\u00a0\u00bbrgba(141,4,78,0.25)\u00a0\u00bb locked=\u00a0\u00bboff\u00a0\u00bb global_colors_info=\u00a0\u00bb{}\u00a0\u00bb sticky_enabled=\u00a0\u00bb0&Prime;]<\/p>\n<h2>Qui suis-je ?<\/h2>\n<p>[\/et_pb_text][et_pb_text _builder_version=\u00a0\u00bb4.17.6&Prime; _module_preset=\u00a0\u00bbaec0be99-8a53-4f75-abf2-64f29a8b4cc2&Prime; text_font=\u00a0\u00bbKrona One||||||||\u00a0\u00bb text_text_color=\u00a0\u00bb#000000&Prime; text_font_size=\u00a0\u00bb18px\u00a0\u00bb text_line_height=\u00a0\u00bb1.8em\u00a0\u00bb link_text_color=\u00a0\u00bb#000000&Prime; text_font_size_tablet=\u00a0\u00bb16px\u00a0\u00bb text_font_size_phone=\u00a0\u00bb14px\u00a0\u00bb text_font_size_last_edited=\u00a0\u00bbon|phone\u00a0\u00bb locked=\u00a0\u00bboff\u00a0\u00bb global_colors_info=\u00a0\u00bb{}\u00a0\u00bb]<\/p>\n<p>Profond\u00e9ment interpell\u00e9e par la question de l\u2019harmonie familia<span>le et le<\/span><span>\u00a0bien-\u00eatre de chacun de ses membres, je mets aujourd\u2019hui mes talents cr\u00e9atifs au service de cette noble mission.<\/span><\/p>\n<p>[\/et_pb_text][\/et_pb_column][et_pb_column type=\u00a0\u00bb1_2&Prime; _builder_version=\u00a0\u00bb4.18.0&Prime; _module_preset=\u00a0\u00bbdefault\u00a0\u00bb global_colors_info=\u00a0\u00bb{}\u00a0\u00bb][et_pb_image src=\u00a0\u00bbhttp:\/\/www.existe-en-ciel.com\/Veronique\/wp-content\/uploads\/2023\/03\/lise-loncan-in-deco-architecture-interieure5.jpg\u00a0\u00bb title_text=\u00a0\u00bblise-loncan-in-deco-architecture-interieure5&Prime; _builder_version=\u00a0\u00bb4.18.0&Prime; _module_preset=\u00a0\u00bbdefault\u00a0\u00bb custom_margin=\u00a0\u00bb|-25vw|||false|false\u00a0\u00bb custom_margin_tablet=\u00a0\u00bb|-10vw|||false|false\u00a0\u00bb custom_margin_phone=\u00a0\u00bb|-10vw|||false|false\u00a0\u00bb custom_margin_last_edited=\u00a0\u00bbon|phone\u00a0\u00bb global_colors_info=\u00a0\u00bb{}\u00a0\u00bb][\/et_pb_image][\/et_pb_column][\/et_pb_row][\/et_pb_section][et_pb_section fb_built=\u00a0\u00bb1&Prime; admin_label=\u00a0\u00bbAbout\u00a0\u00bb _builder_version=\u00a0\u00bb4.18.0&Prime; _module_preset=\u00a0\u00bbdefault\u00a0\u00bb custom_padding=\u00a0\u00bb0px|||||\u00a0\u00bb locked=\u00a0\u00bboff\u00a0\u00bb global_colors_info=\u00a0\u00bb{}\u00a0\u00bb][et_pb_row _builder_version=\u00a0\u00bb4.18.0&Prime; _module_preset=\u00a0\u00bbdefault\u00a0\u00bb global_colors_info=\u00a0\u00bb{}\u00a0\u00bb][et_pb_column type=\u00a0\u00bb4_4&Prime; _builder_version=\u00a0\u00bb4.18.0&Prime; _module_preset=\u00a0\u00bbdefault\u00a0\u00bb global_colors_info=\u00a0\u00bb{}\u00a0\u00bb][et_pb_text _builder_version=\u00a0\u00bb4.18.0&Prime; _module_preset=\u00a0\u00bbdefault\u00a0\u00bb text_line_height=\u00a0\u00bb2.4em\u00a0\u00bb header_2_font=\u00a0\u00bbKrona One||||||||\u00a0\u00bb header_2_text_color=\u00a0\u00bb#8D044E\u00a0\u00bb header_2_line_height=\u00a0\u00bb2em\u00a0\u00bb custom_margin=\u00a0\u00bb||71px|||\u00a0\u00bb custom_padding=\u00a0\u00bb||0px|||\u00a0\u00bb global_colors_info=\u00a0\u00bb{}\u00a0\u00bb]<\/p>\n<div class=\"et_pb_module et_pb_text et_pb_text_5 edito et_pb_text_align_left et_pb_bg_layout_light et_multi_view__hover_selector et_multi_view__hovered\">\n<div class=\"et_pb_text_inner et_multi_view_swapped\" data-et-multi-view=\"{&quot;schema&quot;:{&quot;content&quot;:{&quot;desktop&quot;:&quot;&lt;h2&gt;&lt;strong&gt;Lise Loncan, fondatrice d\u2019In-d\\\\u00e9co\\\\u00a0 \\\\u00a0 \\\\u00a0 \\\\u00a0 \\\\u00a0 \\\\u00a0 \\\\u00a0 \\\\u00a0 \\\\u00a0 \\\\u00a0 \\\\u00a0 \\\\u00a0 \\\\u00a0 \\\\u00a0 \\\\u00a0 \\\\u00a0 \\\\u00a0 \\\\u00a0 \\\\u00a0 \\\\u00a0 \\\\u00a0 \\\\u00a0 \\\\u00a0 &lt;\\\\\/strong&gt;&lt;img class=\\\\&quot;alignnone wp-image-2659 size-medium\\\\&quot; src=\\\\&quot;https:\\\\\/\\\\\/www.in-deco.fr\\\\\/wp-content\\\\\/uploads\\\\\/2022\\\\\/06\\\\\/portrait-lise-copie-300x264.jpg\\\\&quot; alt=\\\\&quot;\\\\&quot; width=\\\\&quot;117\\\\&quot; height=\\\\&quot;103\\\\&quot; style=\\\\&quot;font-size: 20px; background-color: #122f29;\\\\&quot; \\\\\/&gt;&lt;strong&gt;&lt;br \\\\\/&gt;&lt;\\\\\/strong&gt;&lt;\\\\\/h2&gt;\\\\n&lt;p&gt;Profond\\\\u00e9ment interpell\\\\u00e9e par la question de l\\\\u2019harmonie familia&lt;span style=\\\\&quot;font-size: 20px;\\\\&quot;&gt;le et le&lt;\\\\\/span&gt;&lt;span style=\\\\&quot;font-size: 20px;\\\\&quot;&gt;\\\\u00a0bien-\\\\u00eatre de chacun de ses membres, je mets aujourd\\\\u2019hui mes talents cr\\\\u00e9atifs au service de cette noble mission.&lt;\\\\\/span&gt;&lt;\\\\\/p&gt;\\\\n&lt;p&gt;&lt;span style=\\\\&quot;font-size: 18px;\\\\&quot;&gt;A l\\\\u2019Ecole Sup\\\\u00e9rieure des Arts Appliqu\\\\u00e9s Duperr\\\\u00e9 (Paris), j\\\\u2019y apprends \\\\u00e0 voir au-del\\\\u00e0 des obstacles et cultiver un esprit cr\\\\u00e9atif devant les suppos\\\\u00e9es contraintes. Puis, un long s\\\\u00e9jour de 12 ans en Allemagne est l\\\\u2019occasion de m\\\\u2019exprimer dans l\\\\u2019aquarelle, et d\\\\u2019\\\\u00e9tudier plus pr\\\\u00e9cis\\\\u00e9ment la fabrication de bijoux dans la ville de Pforzheim. De retour en France, je cr\\\\u00e9e un atelier de pi\\\\u00e8ces uniques de bijouterie, activit\\\\u00e9 que j\\\\u2019exerce minutieusement pendant presque 20 ans : le regard attentif et pr\\\\u00e9cis que j\\\\u2019y d\\\\u00e9veloppe colore aujourd\\\\u2019hui mon activit\\\\u00e9.&lt;\\\\\/span&gt;&lt;\\\\\/p&gt;\\\\n&lt;p&gt;En 2017, c\\\\u2019est \\\\u00e0 mes premiers amours que je reviens : l\\\\u2019architecture d\\\\u2019int\\\\u00e9rieur et la d\\\\u00e9coration. Ce travail passionnant est p\\\\u00e9tri d\\\\u2019humanit\\\\u00e9, de cr\\\\u00e9ativit\\\\u00e9 et de rigueur, pour mon plus grand plaisir et votre satisfaction.&lt;\\\\\/p&gt;&quot;,&quot;tablet&quot;:&quot;&lt;p&gt;Riche d'une belle exp\\\\u00e9rience en tant que d\\\\u00e9coratrice d'int\\\\u00e9rieur \\\\u00e0 Lyon, je mets un point d'honneur \\\\u00e0 vous proposer des solutions personnalis\\\\u00e9es, \\\\u00e9tudi\\\\u00e9es selon plusieurs crit\\\\u00e8res : &lt;strong&gt;votre budget, vos besoins, vos pr\\\\u00e9f\\\\u00e9rences en mati\\\\u00e8re de couleurs, mati\\\\u00e8res, styles de d\\\\u00e9coration. &lt;\\\\\/strong&gt;Apr\\\\u00e8s une premi\\\\u00e8re \\\\u00e9tude de votre projet, je vous accompagne \\\\u00e0 chaque \\\\u00e9tape de votre projet :&lt;\\\\\/p&gt;\\\\n&lt;ul&gt;\\\\n&lt;li&gt;&lt;strong&gt;\\\\u00c9laboration d'une planche d'ambiance,&lt;\\\\\/strong&gt;&lt;\\\\\/li&gt;\\\\n&lt;li&gt;Plans 2D et 3D&lt;\\\\\/li&gt;\\\\n&lt;li&gt;&lt;strong&gt;Liste de shopping,&lt;\\\\\/strong&gt;&lt;\\\\\/li&gt;\\\\n&lt;li&gt;&lt;strong&gt;Mise en relation avec les professionnels,&lt;\\\\\/strong&gt;&lt;\\\\\/li&gt;\\\\n&lt;li&gt;&lt;strong&gt;Coordination des diff\\\\u00e9rents corps de m\\\\u00e9tier,&lt;\\\\\/strong&gt;&lt;\\\\\/li&gt;\\\\n&lt;li&gt;&lt;strong&gt;Livraison et installation des d\\\\u00e9corations et du mobilier sur site, etc.&lt;\\\\\/strong&gt;&lt;\\\\\/li&gt;\\\\n&lt;\\\\\/ul&gt;&quot;,&quot;phone&quot;:&quot;&quot;}},&quot;slug&quot;:&quot;et_pb_text&quot;}\" data-et-multi-view-load-tablet-hidden=\"true\" data-et-multi-view-load-phone-hidden=\"true\" style=\"box-sizing: border-box; margin: 0px; padding: 0px; border: 0px; outline: 0px; font-size: 18px; vertical-align: baseline; background-color: transparent; position: relative;\">\n<h2><strong>Lise Loncan, fondatrice d\u2019In-d\u00e9co\u00a0 \u00a0 \u00a0 \u00a0 \u00a0 \u00a0 \u00a0 \u00a0 \u00a0 \u00a0 \u00a0 \u00a0 \u00a0 \u00a0 \u00a0 \u00a0 \u00a0 \u00a0 \u00a0 \u00a0 \u00a0 \u00a0 \u00a0 <\/strong><strong><br \/><\/strong><\/h2>\n<p>Profond\u00e9ment interpell\u00e9e par la question de l\u2019harmonie familia<span>le et le<\/span><span>\u00a0bien-\u00eatre de chacun de ses membres, je mets aujourd\u2019hui mes talents cr\u00e9atifs au service de cette noble mission.<\/span><\/p>\n<p><span>A l\u2019Ecole Sup\u00e9rieure des Arts Appliqu\u00e9s Duperr\u00e9 (Paris), j\u2019y apprends \u00e0 voir au-del\u00e0 des obstacles et cultiver un esprit cr\u00e9atif devant les suppos\u00e9es contraintes. Puis, un long s\u00e9jour de 12 ans en Allemagne est l\u2019occasion de m\u2019exprimer dans l\u2019aquarelle, et d\u2019\u00e9tudier plus pr\u00e9cis\u00e9ment la fabrication de bijoux dans la ville de Pforzheim. De retour en France, je cr\u00e9e un atelier de pi\u00e8ces uniques de bijouterie, activit\u00e9 que j\u2019exerce minutieusement pendant presque 20 ans : le regard attentif et pr\u00e9cis que j\u2019y d\u00e9veloppe colore aujourd\u2019hui mon activit\u00e9.<\/span><\/p>\n<p>En 2017, j&rsquo;ai ressenti un appel puissant qui m&rsquo;a ramen\u00e9e \u00e0 mes premiers amours : l&rsquo;architecture d&rsquo;int\u00e9rieur et la d\u00e9coration. C&rsquo;est un domaine qui m&rsquo;a toujours fascin\u00e9e et qui me permet d&rsquo;exprimer ma passion pour la cr\u00e9ativit\u00e9 et la rigueur.<\/p>\n<p>Mon travail dans l&rsquo;architecture d&rsquo;int\u00e9rieur et la d\u00e9coration est bien plus qu&rsquo;une simple profession pour moi. C&rsquo;est un v\u00e9ritable engagement envers l&rsquo;humanit\u00e9, car je crois fermement que notre environnement int\u00e9rieur a un impact profond sur notre bien-\u00eatre physique et \u00e9motionnel.<\/p>\n<p>Chaque projet est une opportunit\u00e9 d&rsquo;apporter une touche personnelle \u00e0 l&rsquo;espace de vie d&rsquo;une famille, en cr\u00e9ant des atmosph\u00e8res qui favorisent la d\u00e9tente, la convivialit\u00e9 et l&rsquo;harmonie. J&rsquo;accorde une attention minutieuse aux besoins et aux pr\u00e9f\u00e9rences de chaque membre de la famille afin de concevoir des espaces qui leur ressemblent et qui r\u00e9pondent \u00e0 leurs aspirations.<\/p>\n<p>La cr\u00e9ativit\u00e9 est au c\u0153ur de mon approche. Je cherche constamment de nouvelles id\u00e9es, des combinaisons de couleurs uniques et des solutions innovantes pour transformer des espaces ordinaires en lieux extraordinaires. Chaque d\u00e9tail compte, de la disposition des meubles \u00e0 la s\u00e9lection des mat\u00e9riaux, afin de cr\u00e9er une ambiance chaleureuse et esth\u00e9tiquement plaisante.<\/p>\n<p>La rigueur est \u00e9galement essentielle dans mon travail. Je m&rsquo;efforce de respecter les \u00e9ch\u00e9ances et de g\u00e9rer efficacement les aspects techniques de chaque projet. Je m&rsquo;assure que chaque \u00e9l\u00e9ment de conception est minutieusement planifi\u00e9 et ex\u00e9cut\u00e9 avec pr\u00e9cision.<\/p>\n<p>Le plus grand plaisir que je retire de mon travail, c&rsquo;est de voir le bonheur et la satisfaction de mes clients lorsqu&rsquo;ils d\u00e9couvrent leurs nouveaux espaces de vie. Savoir que j&rsquo;ai contribu\u00e9 \u00e0 cr\u00e9er un environnement qui favorise le bien-\u00eatre de leur famille est une r\u00e9compense inestimable pour moi.<\/p>\n<p>Je suis profond\u00e9ment honor\u00e9e de mettre mes comp\u00e9tences et ma passion au service de votre famille. Ensemble, nous pouvons transformer votre maison en un lieu o\u00f9 chaque membre de votre famille se sentira v\u00e9ritablement chez lui.<\/p>\n<\/div>\n<\/div>\n<div class=\"et_pb_module et_pb_text et_pb_text_6 edito et_pb_text_align_left et_pb_bg_layout_light et_multi_view__hover_selector\">\n<div class=\"et_pb_text_inner\" data-et-multi-view=\"{&quot;schema&quot;:{&quot;content&quot;:{&quot;desktop&quot;:&quot;&lt;h2&gt;&lt;strong&gt;Derni\\\\u00e8res r\\\\u00e9alisations&lt;\\\\\/strong&gt;&lt;\\\\\/h2&gt;&quot;,&quot;tablet&quot;:&quot;&lt;p&gt;Riche d'une belle exp\\\\u00e9rience en tant que d\\\\u00e9coratrice d'int\\\\u00e9rieur \\\\u00e0 Lyon, je mets un point d'honneur \\\\u00e0 vous proposer des solutions personnalis\\\\u00e9es, \\\\u00e9tudi\\\\u00e9es selon plusieurs crit\\\\u00e8res : &lt;strong&gt;votre budget, vos besoins, vos pr\\\\u00e9f\\\\u00e9rences en mati\\\\u00e8re de couleurs, mati\\\\u00e8res, styles de d\\\\u00e9coration. &lt;\\\\\/strong&gt;Apr\\\\u00e8s une premi\\\\u00e8re \\\\u00e9tude de votre projet, je vous accompagne \\\\u00e0 chaque \\\\u00e9tape de votre projet :&lt;\\\\\/p&gt;\\\\n&lt;ul&gt;\\\\n&lt;li&gt;&lt;strong&gt;\\\\u00c9laboration d'une planche d'ambiance,&lt;\\\\\/strong&gt;&lt;\\\\\/li&gt;\\\\n&lt;li&gt;Plans 2D et 3D&lt;\\\\\/li&gt;\\\\n&lt;li&gt;&lt;strong&gt;Liste de shopping,&lt;\\\\\/strong&gt;&lt;\\\\\/li&gt;\\\\n&lt;li&gt;&lt;strong&gt;Mise en relation avec les professionnels,&lt;\\\\\/strong&gt;&lt;\\\\\/li&gt;\\\\n&lt;li&gt;&lt;strong&gt;Coordination des diff\\\\u00e9rents corps de m\\\\u00e9tier,&lt;\\\\\/strong&gt;&lt;\\\\\/li&gt;\\\\n&lt;li&gt;&lt;strong&gt;Livraison et installation des d\\\\u00e9corations et du mobilier sur site, etc.&lt;\\\\\/strong&gt;&lt;\\\\\/li&gt;\\\\n&lt;\\\\\/ul&gt;&quot;,&quot;phone&quot;:&quot;&quot;}},&quot;slug&quot;:&quot;et_pb_text&quot;}\" data-et-multi-view-load-tablet-hidden=\"true\" data-et-multi-view-load-phone-hidden=\"true\" style=\"box-sizing: border-box; margin: 0px; padding: 0px; border: 0px; outline: 0px; font-size: 18px; vertical-align: baseline; background-color: transparent; position: relative; caret-color: #ffffff; color: #ffffff; font-family: Raleway, Helvetica, Arial, Lucida, sans-serif; font-style: normal; font-variant-caps: normal; font-weight: 300; letter-spacing: normal; text-align: left; text-indent: 0px; text-transform: none; white-space: normal; word-spacing: 0px; -webkit-text-stroke-width: 0px; text-decoration: none;\"><\/div>\n<\/div>\n<p>[\/et_pb_text][et_pb_testimonial quote_icon_color=\u00a0\u00bb#8D044E\u00a0\u00bb quote_icon_background_color=\u00a0\u00bbRGBA(255,255,255,0)\u00a0\u00bb _builder_version=\u00a0\u00bb4.18.0&Prime; _module_preset=\u00a0\u00bbdefault\u00a0\u00bb body_text_align=\u00a0\u00bbcenter\u00a0\u00bb body_text_color=\u00a0\u00bb#8D044E\u00a0\u00bb body_font_size=\u00a0\u00bb18px\u00a0\u00bb body_line_height=\u00a0\u00bb1.9em\u00a0\u00bb background_enable_color=\u00a0\u00bboff\u00a0\u00bb global_colors_info=\u00a0\u00bb{}\u00a0\u00bb]<\/p>\n<p>Votre habitat peut s\u2019adapter et se mettre au service de vos habitudes et de vos activit\u00e9s : c\u2019est ainsi chaque membre de la famille s\u2019y sentira bien et \u00e0 sa place<\/p>\n<p>[\/et_pb_testimonial][\/et_pb_column][\/et_pb_row][\/et_pb_section][et_pb_section fb_built=\u00a0\u00bb1&Prime; admin_label=\u00a0\u00bbServices\u00a0\u00bb _builder_version=\u00a0\u00bb4.18.0&Prime; _module_preset=\u00a0\u00bbdefault\u00a0\u00bb locked=\u00a0\u00bboff\u00a0\u00bb global_colors_info=\u00a0\u00bb{}\u00a0\u00bb][et_pb_row _builder_version=\u00a0\u00bb4.18.0&Prime; _module_preset=\u00a0\u00bbdefault\u00a0\u00bb global_colors_info=\u00a0\u00bb{}\u00a0\u00bb][et_pb_column type=\u00a0\u00bb4_4&Prime; _builder_version=\u00a0\u00bb4.18.0&Prime; _module_preset=\u00a0\u00bbdefault\u00a0\u00bb global_colors_info=\u00a0\u00bb{}\u00a0\u00bb][et_pb_text _builder_version=\u00a0\u00bb4.18.0&Prime; _module_preset=\u00a0\u00bb7b39e609-07da-4c2d-b385-8265485d0349&Prime; header_2_font=\u00a0\u00bbKrona One|||on|||||\u00a0\u00bb header_2_text_color=\u00a0\u00bb#000000&Prime; header_2_font_size=\u00a0\u00bb100px\u00a0\u00bb header_2_line_height=\u00a0\u00bb1.2em\u00a0\u00bb text_orientation=\u00a0\u00bbcenter\u00a0\u00bb header_2_font_size_tablet=\u00a0\u00bb50px\u00a0\u00bb header_2_font_size_phone=\u00a0\u00bb30px\u00a0\u00bb header_2_font_size_last_edited=\u00a0\u00bbon|phone\u00a0\u00bb locked=\u00a0\u00bboff\u00a0\u00bb global_colors_info=\u00a0\u00bb{}\u00a0\u00bb]<\/p>\n<h2>SimpleMent.<br \/>Bien vivre.<\/h2>\n<p>[\/et_pb_text][\/et_pb_column][\/et_pb_row][et_pb_row column_structure=\u00a0\u00bb1_3,1_3,1_3&Prime; _builder_version=\u00a0\u00bb4.18.0&Prime; _module_preset=\u00a0\u00bbdefault\u00a0\u00bb hover_enabled=\u00a0\u00bb0&Prime; global_colors_info=\u00a0\u00bb{}\u00a0\u00bb sticky_enabled=\u00a0\u00bb0&Prime;][et_pb_column type=\u00a0\u00bb1_3&Prime; _builder_version=\u00a0\u00bb4.18.0&Prime; _module_preset=\u00a0\u00bbdefault\u00a0\u00bb hover_enabled=\u00a0\u00bb0&Prime; global_colors_info=\u00a0\u00bb{}\u00a0\u00bb link_option_url=\u00a0\u00bb@ET-DC@eyJkeW5hbWljIjp0cnVlLCJjb250ZW50IjoicG9zdF9saW5rX3VybF9wYWdlIiwic2V0dGluZ3MiOnsicG9zdF9pZCI6IjQxNSJ9fQ==@\u00a0\u00bb _dynamic_attributes=\u00a0\u00bblink_option_url\u00a0\u00bb sticky_enabled=\u00a0\u00bb0&Prime;][et_pb_image src=\u00a0\u00bbhttp:\/\/www.existe-en-ciel.com\/Veronique\/wp-content\/uploads\/2023\/03\/mezzanine-vue-den-bas-lise-loncan-in-deco-architecture-interieure.jpg\u00a0\u00bb title_text=\u00a0\u00bbmezzanine-vue-den-bas-lise-loncan-in-deco-architecture-interieure\u00a0\u00bb _builder_version=\u00a0\u00bb4.18.0&Prime; _module_preset=\u00a0\u00bbdefault\u00a0\u00bb global_colors_info=\u00a0\u00bb{}\u00a0\u00bb][\/et_pb_image][et_pb_text _builder_version=\u00a0\u00bb4.18.0&Prime; _module_preset=\u00a0\u00bb1d866de3-b108-4c5f-bed3-2da9506a6915&Prime; header_font=\u00a0\u00bb||||||||\u00a0\u00bb header_4_font=\u00a0\u00bbKrona One||||||||\u00a0\u00bb header_4_font_size=\u00a0\u00bb24px\u00a0\u00bb header_4_line_height=\u00a0\u00bb1.5em\u00a0\u00bb header_4_font_size_tablet=\u00a0\u00bb18px\u00a0\u00bb header_4_font_size_phone=\u00a0\u00bb14px\u00a0\u00bb header_4_font_size_last_edited=\u00a0\u00bbon|phone\u00a0\u00bb locked=\u00a0\u00bboff\u00a0\u00bb global_colors_info=\u00a0\u00bb{}\u00a0\u00bb]<\/p>\n<h4>Am\u00e9nagement int\u00e9rieur<\/h4>\n<p>[\/et_pb_text][\/et_pb_column][et_pb_column type=\u00a0\u00bb1_3&Prime; _builder_version=\u00a0\u00bb4.18.0&Prime; _module_preset=\u00a0\u00bbdefault\u00a0\u00bb hover_enabled=\u00a0\u00bb0&Prime; global_colors_info=\u00a0\u00bb{}\u00a0\u00bb link_option_url=\u00a0\u00bb@ET-DC@eyJkeW5hbWljIjp0cnVlLCJjb250ZW50IjoicG9zdF9saW5rX3VybF9wYWdlIiwic2V0dGluZ3MiOnsicG9zdF9pZCI6IjQzNCJ9fQ==@\u00a0\u00bb _dynamic_attributes=\u00a0\u00bblink_option_url\u00a0\u00bb sticky_enabled=\u00a0\u00bb0&Prime;][et_pb_image src=\u00a0\u00bbhttp:\/\/www.existe-en-ciel.com\/Veronique\/wp-content\/uploads\/2023\/03\/lise-loncan-in-deco-decoration-exterieure.jpg\u00a0\u00bb title_text=\u00a0\u00bblise-loncan-in-deco-decoration-exterieure\u00a0\u00bb _builder_version=\u00a0\u00bb4.18.0&Prime; _module_preset=\u00a0\u00bbdefault\u00a0\u00bb global_colors_info=\u00a0\u00bb{}\u00a0\u00bb][\/et_pb_image][et_pb_text _builder_version=\u00a0\u00bb4.18.0&Prime; _module_preset=\u00a0\u00bb1d866de3-b108-4c5f-bed3-2da9506a6915&Prime; header_font=\u00a0\u00bb||||||||\u00a0\u00bb header_4_font=\u00a0\u00bbKrona One||||||||\u00a0\u00bb header_4_font_size=\u00a0\u00bb24px\u00a0\u00bb header_4_line_height=\u00a0\u00bb1.5em\u00a0\u00bb header_4_font_size_tablet=\u00a0\u00bb18px\u00a0\u00bb header_4_font_size_phone=\u00a0\u00bb14px\u00a0\u00bb header_4_font_size_last_edited=\u00a0\u00bbon|phone\u00a0\u00bb locked=\u00a0\u00bboff\u00a0\u00bb global_colors_info=\u00a0\u00bb{}\u00a0\u00bb]<\/p>\n<h4>Am\u00e9nagement ext\u00e9rieur<\/h4>\n<p>[\/et_pb_text][\/et_pb_column][et_pb_column type=\u00a0\u00bb1_3&Prime; _builder_version=\u00a0\u00bb4.18.0&Prime; _module_preset=\u00a0\u00bbdefault\u00a0\u00bb hover_enabled=\u00a0\u00bb0&Prime; global_colors_info=\u00a0\u00bb{}\u00a0\u00bb link_option_url=\u00a0\u00bb@ET-DC@eyJkeW5hbWljIjp0cnVlLCJjb250ZW50IjoicG9zdF9saW5rX3VybF9wYWdlIiwic2V0dGluZ3MiOnsicG9zdF9pZCI6IjQyOCJ9fQ==@\u00a0\u00bb _dynamic_attributes=\u00a0\u00bblink_option_url\u00a0\u00bb sticky_enabled=\u00a0\u00bb0&Prime;][et_pb_image src=\u00a0\u00bbhttp:\/\/www.existe-en-ciel.com\/Veronique\/wp-content\/uploads\/2023\/03\/lise-loncan-in-deco-architecture-interieure6.jpg\u00a0\u00bb title_text=\u00a0\u00bblise-loncan-in-deco-architecture-interieure6&Prime; _builder_version=\u00a0\u00bb4.18.0&Prime; _module_preset=\u00a0\u00bbdefault\u00a0\u00bb global_colors_info=\u00a0\u00bb{}\u00a0\u00bb][\/et_pb_image][et_pb_text _builder_version=\u00a0\u00bb4.18.0&Prime; _module_preset=\u00a0\u00bb1d866de3-b108-4c5f-bed3-2da9506a6915&Prime; header_font=\u00a0\u00bb||||||||\u00a0\u00bb header_4_font=\u00a0\u00bbKrona One||||||||\u00a0\u00bb header_4_font_size=\u00a0\u00bb24px\u00a0\u00bb header_4_line_height=\u00a0\u00bb1.5em\u00a0\u00bb header_4_font_size_tablet=\u00a0\u00bb18px\u00a0\u00bb header_4_font_size_phone=\u00a0\u00bb14px\u00a0\u00bb header_4_font_size_last_edited=\u00a0\u00bbon|phone\u00a0\u00bb locked=\u00a0\u00bboff\u00a0\u00bb global_colors_info=\u00a0\u00bb{}\u00a0\u00bb]<\/p>\n<h4>Home staging<\/h4>\n<p>[\/et_pb_text][\/et_pb_column][\/et_pb_row][\/et_pb_section]<\/p>\n","protected":false},"excerpt":{"rendered":"<p>Qui suis-je ?Profond\u00e9ment interpell\u00e9e par la question de l\u2019harmonie familiale et le\u00a0bien-\u00eatre de chacun de ses membres, je mets aujourd\u2019hui mes talents cr\u00e9atifs au service de cette noble mission. Lise Loncan, fondatrice d\u2019In-d\u00e9co\u00a0 \u00a0 \u00a0 \u00a0 \u00a0 \u00a0 \u00a0 \u00a0 \u00a0 \u00a0 \u00a0 \u00a0 \u00a0 \u00a0 \u00a0 \u00a0 \u00a0 \u00a0 \u00a0 \u00a0 \u00a0 \u00a0 \u00a0 [&hellip;]<\/p>\n","protected":false},"author":1,"featured_media":0,"parent":0,"menu_order":0,"comment_status":"closed","ping_status":"closed","template":"","meta":{"_et_pb_use_builder":"on","_et_pb_old_content":"","_et_gb_content_width":"","footnotes":""},"class_list":["post-488","page","type-page","status-publish","hentry"],"_links":{"self":[{"href":"http:\/\/www.existe-en-ciel.com\/Veronique\/wp-json\/wp\/v2\/pages\/488","targetHints":{"allow":["GET"]}}],"collection":[{"href":"http:\/\/www.existe-en-ciel.com\/Veronique\/wp-json\/wp\/v2\/pages"}],"about":[{"href":"http:\/\/www.existe-en-ciel.com\/Veronique\/wp-json\/wp\/v2\/types\/page"}],"author":[{"embeddable":true,"href":"http:\/\/www.existe-en-ciel.com\/Veronique\/wp-json\/wp\/v2\/users\/1"}],"replies":[{"embeddable":true,"href":"http:\/\/www.existe-en-ciel.com\/Veronique\/wp-json\/wp\/v2\/comments?post=488"}],"version-history":[{"count":7,"href":"http:\/\/www.existe-en-ciel.com\/Veronique\/wp-json\/wp\/v2\/pages\/488\/revisions"}],"predecessor-version":[{"id":593,"href":"http:\/\/www.existe-en-ciel.com\/Veronique\/wp-json\/wp\/v2\/pages\/488\/revisions\/593"}],"wp:attachment":[{"href":"http:\/\/www.existe-en-ciel.com\/Veronique\/wp-json\/wp\/v2\/media?parent=488"}],"curies":[{"name":"wp","href":"https:\/\/api.w.org\/{rel}","templated":true}]}}