{"id":434,"date":"2023-03-18T21:50:16","date_gmt":"2023-03-18T20:50:16","guid":{"rendered":"http:\/\/www.existe-en-ciel.com\/Veronique\/?page_id=434"},"modified":"2023-06-30T18:43:22","modified_gmt":"2023-06-30T16:43:22","slug":"amenagement-exterieur","status":"publish","type":"page","link":"http:\/\/www.existe-en-ciel.com\/Veronique\/amenagement-exterieur\/","title":{"rendered":"Am\u00e9nagement ext\u00e9rieur"},"content":{"rendered":"<p>[et_pb_section fb_built=\u00a0\u00bb1&Prime; admin_label=\u00a0\u00bbAbout\u00a0\u00bb _builder_version=\u00a0\u00bb4.18.0&Prime; _module_preset=\u00a0\u00bbdefault\u00a0\u00bb overflow-x=\u00a0\u00bbhidden\u00a0\u00bb overflow-y=\u00a0\u00bbhidden\u00a0\u00bb global_colors_info=\u00a0\u00bb{}\u00a0\u00bb][et_pb_row column_structure=\u00a0\u00bb1_2,1_2&Prime; _builder_version=\u00a0\u00bb4.18.0&Prime; _module_preset=\u00a0\u00bbdefault\u00a0\u00bb locked=\u00a0\u00bboff\u00a0\u00bb global_colors_info=\u00a0\u00bb{}\u00a0\u00bb][et_pb_column type=\u00a0\u00bb1_2&Prime; _builder_version=\u00a0\u00bb4.18.0&Prime; _module_preset=\u00a0\u00bbdefault\u00a0\u00bb z_index=\u00a0\u00bb10&Prime; global_colors_info=\u00a0\u00bb{}\u00a0\u00bb][et_pb_image src=\u00a0\u00bbhttp:\/\/www.existe-en-ciel.com\/Veronique\/wp-content\/uploads\/2023\/03\/lise-loncan-in-deco-architecture-interieure3.jpg\u00a0\u00bb title_text=\u00a0\u00bblise-loncan-in-deco-architecture-interieure3&Prime; _builder_version=\u00a0\u00bb4.18.0&Prime; _module_preset=\u00a0\u00bbdefault\u00a0\u00bb background_color=\u00a0\u00bb#372E2B\u00a0\u00bb custom_margin=\u00a0\u00bb||||false|false\u00a0\u00bb custom_padding=\u00a0\u00bb|30%|||false|false\u00a0\u00bb locked=\u00a0\u00bboff\u00a0\u00bb global_colors_info=\u00a0\u00bb{}\u00a0\u00bb][\/et_pb_image][et_pb_text _builder_version=\u00a0\u00bb4.18.0&Prime; _module_preset=\u00a0\u00bb7b39e609-07da-4c2d-b385-8265485d0349&Prime; header_2_font=\u00a0\u00bbKrona One|||on|||||\u00a0\u00bb header_2_text_color=\u00a0\u00bb#8D044E\u00a0\u00bb header_2_font_size=\u00a0\u00bb87px\u00a0\u00bb header_2_line_height=\u00a0\u00bb1.2em\u00a0\u00bb custom_margin=\u00a0\u00bb|-100%|||false|false\u00a0\u00bb custom_margin_tablet=\u00a0\u00bb|0%|||false|false\u00a0\u00bb custom_margin_phone=\u00a0\u00bb|0%|||false|false\u00a0\u00bb custom_margin_last_edited=\u00a0\u00bbon|phone\u00a0\u00bb custom_padding=\u00a0\u00bb||||false|false\u00a0\u00bb header_2_font_size_tablet=\u00a0\u00bb50px\u00a0\u00bb header_2_font_size_phone=\u00a0\u00bb30px\u00a0\u00bb header_2_font_size_last_edited=\u00a0\u00bbon|phone\u00a0\u00bb header_2_text_shadow_style=\u00a0\u00bbpreset2&Prime; header_2_text_shadow_color=\u00a0\u00bbrgba(141,4,78,0.25)\u00a0\u00bb locked=\u00a0\u00bboff\u00a0\u00bb global_colors_info=\u00a0\u00bb{}\u00a0\u00bb]<\/p>\n<h2>Am\u00e9nagement<br \/>ext\u00e9rieur<\/h2>\n<p>&nbsp;<\/p>\n<p>[\/et_pb_text][et_pb_text _builder_version=\u00a0\u00bb4.18.0&Prime; _module_preset=\u00a0\u00bbaec0be99-8a53-4f75-abf2-64f29a8b4cc2&Prime; text_font=\u00a0\u00bbKrona One||||||||\u00a0\u00bb text_text_color=\u00a0\u00bb#000000&Prime; text_font_size=\u00a0\u00bb18px\u00a0\u00bb text_line_height=\u00a0\u00bb1.8em\u00a0\u00bb link_text_color=\u00a0\u00bb#000000&Prime; text_font_size_tablet=\u00a0\u00bb16px\u00a0\u00bb text_font_size_phone=\u00a0\u00bb14px\u00a0\u00bb text_font_size_last_edited=\u00a0\u00bbon|phone\u00a0\u00bb locked=\u00a0\u00bboff\u00a0\u00bb global_colors_info=\u00a0\u00bb{}\u00a0\u00bb]<\/p>\n<p><span>Si vous avez la chance d\u2019avoir un jardin ou une piscine et souhaitez vous y sentir bien, l\u2019harmonie des lieux peut y r\u00e9gner comme dans un int\u00e9rieur ! En fonction de vos envies, je dessine une cuisine d\u2019\u00e9t\u00e9, ou travaille le look de la propri\u00e9t\u00e9, depuis le portail d\u2019entr\u00e9e jusqu\u2019au fond du jardin. Depuis votre canap\u00e9 l\u2019hiver, ou un verre \u00e0 la main l\u2019\u00e9t\u00e9, profitez maintenant de cette g\u00e9n\u00e9reuse nature qui a trouv\u00e9 sa juste place sur votre terrain.<\/span><\/p>\n<p>[\/et_pb_text][\/et_pb_column][et_pb_column type=\u00a0\u00bb1_2&Prime; _builder_version=\u00a0\u00bb4.18.0&Prime; _module_preset=\u00a0\u00bbdefault\u00a0\u00bb global_colors_info=\u00a0\u00bb{}\u00a0\u00bb][et_pb_image src=\u00a0\u00bbhttp:\/\/www.existe-en-ciel.com\/Veronique\/wp-content\/uploads\/2023\/03\/lise-loncan-in-deco-decoration-exterieure.jpg\u00a0\u00bb title_text=\u00a0\u00bblise-loncan-in-deco-decoration-exterieure\u00a0\u00bb _builder_version=\u00a0\u00bb4.18.0&Prime; _module_preset=\u00a0\u00bbdefault\u00a0\u00bb custom_margin=\u00a0\u00bb|-25vw|||false|false\u00a0\u00bb custom_margin_tablet=\u00a0\u00bb|-10vw|||false|false\u00a0\u00bb custom_margin_phone=\u00a0\u00bb|-10vw|||false|false\u00a0\u00bb custom_margin_last_edited=\u00a0\u00bbon|phone\u00a0\u00bb global_colors_info=\u00a0\u00bb{}\u00a0\u00bb][\/et_pb_image][\/et_pb_column][\/et_pb_row][\/et_pb_section][et_pb_section fb_built=\u00a0\u00bb1&Prime; admin_label=\u00a0\u00bbAbout\u00a0\u00bb _builder_version=\u00a0\u00bb4.18.0&Prime; _module_preset=\u00a0\u00bbdefault\u00a0\u00bb locked=\u00a0\u00bboff\u00a0\u00bb global_colors_info=\u00a0\u00bb{}\u00a0\u00bb][et_pb_row _builder_version=\u00a0\u00bb4.18.0&Prime; _module_preset=\u00a0\u00bbdefault\u00a0\u00bb global_colors_info=\u00a0\u00bb{}\u00a0\u00bb][et_pb_column type=\u00a0\u00bb4_4&Prime; _builder_version=\u00a0\u00bb4.18.0&Prime; _module_preset=\u00a0\u00bbdefault\u00a0\u00bb global_colors_info=\u00a0\u00bb{}\u00a0\u00bb][et_pb_text _builder_version=\u00a0\u00bb4.18.0&Prime; _module_preset=\u00a0\u00bb16a54059-cc81-4572-9c70-eda6a6c419bf\u00a0\u00bb text_font=\u00a0\u00bbMontserrat||||||||\u00a0\u00bb text_font_size=\u00a0\u00bb16px\u00a0\u00bb text_line_height=\u00a0\u00bb1.8em\u00a0\u00bb text_font_size_tablet=\u00a0\u00bb15px\u00a0\u00bb text_font_size_phone=\u00a0\u00bb14px\u00a0\u00bb text_font_size_last_edited=\u00a0\u00bbon|phone\u00a0\u00bb header_font_size_tablet=\u00a0\u00bb55px\u00a0\u00bb header_font_size_last_edited=\u00a0\u00bboff|desktop\u00a0\u00bb locked=\u00a0\u00bboff\u00a0\u00bb global_colors_info=\u00a0\u00bb{}\u00a0\u00bb]<\/p>\n<p>Pour m\u2019adapter \u00e0 vos besoins, je propose 2 accompagnements.<\/p>\n<h2><strong>La Visite Conseil D\u00e9co (Coup de Pouce)<\/strong><\/h2>\n<ul>\n<li>Un rendez-vous sur place, chez vous, pour \u00e9changer sur vos envies et vos besoins.<\/li>\n<li>La remise d\u2019une planche tendance avec des visuels 3D avant\/apr\u00e8s, des r\u00e9f\u00e9rences de mat\u00e9riaux et mobilier qui respectent votre budget.<\/li>\n<\/ul>\n<h2><strong>Le Projet Architectural :<\/strong><\/h2>\n<ul>\n<li><strong>RENDEZ-VOUS GRATUIT<\/strong><br \/>Un rendez-vous gratuit sur place, chez vous, pour faire connaissance et \u00e9couter attentivement vos envies, vos besoins et votre budget, afin de vous remettre en main propre un devis sur-mesure.<\/li>\n<li><strong>LANCEMENT<\/strong><br \/>Une fois le devis valid\u00e9, un deuxi\u00e8me rendez-vous sur place pour \u00e9tablir l\u2019\u00e9tat des lieux, approfondir le cahier des charges, prendre des mesures et faire des photos.<\/li>\n<li><strong>AVANT PROJET SOMMAIRE<\/strong><br \/>Un troisi\u00e8me rendez-vous pour vous pr\u00e9senter un avant-projet : planches d\u2019inspiration et descriptif sommaire des travaux par corps d\u2019\u00e9tat, suivi de la prise en compte de vos retours si besoin d\u2019ajustements.<\/li>\n<li><strong>AVANT PROJET D\u00c9TAILLE<\/strong><br \/>Un quatri\u00e8me rendez-vous pour vous pr\u00e9senter l\u2019avant-projet d\u00e9taill\u00e9 : plans d\u2019\u00e9l\u00e9vation, dessins des meubles sur-mesure \u00e9ventuels, propositions de mat\u00e9riaux et mobiliers, suivi de la prise en compte de vos retours si besoin d\u2019ajustements.<\/li>\n<li><strong>PROJET D\u00c9FINITIF<\/strong><br \/>Un dernier rendez-vous pour vous remettre le projet final, toujours respectueux du budget fix\u00e9 initialement, dans une pr\u00e9sentation d\u00e9taill\u00e9e : plans 2D et 3D selon diff\u00e9rentes perspectives, plans d\u2019\u00e9l\u00e9vation, planches tendances, planches d\u2019ambiance, \u00e9chantillons de mat\u00e9riaux.<\/li>\n<\/ul>\n<p><strong>Que vous souhaitiez r\u00e9aliser les travaux vous-m\u00eame ou faire appel \u00e0 des artisans, vous avez tout en main pour proc\u00e9der \u00e0 la r\u00e9alisation.<\/strong><\/p>\n<p>[\/et_pb_text][et_pb_button button_text=\u00a0\u00bbVoir mes r\u00e9alisations\u00a0\u00bb button_alignment=\u00a0\u00bbcenter\u00a0\u00bb _builder_version=\u00a0\u00bb4.18.0&Prime; _module_preset=\u00a0\u00bba93bd5f4-85ca-4af8-aab9-5954042d5969&Prime; custom_button=\u00a0\u00bbon\u00a0\u00bb button_text_size=\u00a0\u00bb14px\u00a0\u00bb button_text_color=\u00a0\u00bb#FFFFFF\u00a0\u00bb button_bg_color=\u00a0\u00bb#972148&Prime; button_border_width=\u00a0\u00bb0px\u00a0\u00bb button_border_radius=\u00a0\u00bb0px\u00a0\u00bb button_letter_spacing=\u00a0\u00bb4px\u00a0\u00bb button_font=\u00a0\u00bbKrona One|||on|||||\u00a0\u00bb custom_padding=\u00a0\u00bb16px|24px|16px|24px|true|true\u00a0\u00bb custom_padding_tablet=\u00a0\u00bb16px|28px|16px|28px|true|true\u00a0\u00bb custom_padding_phone=\u00a0\u00bb14px|20px|14px|20px|true|true\u00a0\u00bb custom_padding_last_edited=\u00a0\u00bboff|desktop\u00a0\u00bb hover_enabled=\u00a0\u00bb0&Prime; button_text_size_tablet=\u00a0\u00bb15px\u00a0\u00bb button_text_size_phone=\u00a0\u00bb14px\u00a0\u00bb button_text_size_last_edited=\u00a0\u00bboff|desktop\u00a0\u00bb locked=\u00a0\u00bboff\u00a0\u00bb global_colors_info=\u00a0\u00bb{}\u00a0\u00bb button_text_color__hover_enabled=\u00a0\u00bboff|hover\u00a0\u00bb button_bg_color__hover=\u00a0\u00bb#372E2B\u00a0\u00bb button_bg_color__hover_enabled=\u00a0\u00bboff|desktop\u00a0\u00bb button_url=\u00a0\u00bb@ET-DC@eyJkeW5hbWljIjp0cnVlLCJjb250ZW50IjoicG9zdF9saW5rX3VybF9wYWdlIiwic2V0dGluZ3MiOnsicG9zdF9pZCI6IjUxMSJ9fQ==@\u00a0\u00bb _dynamic_attributes=\u00a0\u00bbbutton_url\u00a0\u00bb sticky_enabled=\u00a0\u00bb0&Prime;][\/et_pb_button][\/et_pb_column][\/et_pb_row][\/et_pb_section][et_pb_section fb_built=\u00a0\u00bb1&Prime; admin_label=\u00a0\u00bbFooter\u00a0\u00bb _builder_version=\u00a0\u00bb4.18.0&Prime; _module_preset=\u00a0\u00bbdefault\u00a0\u00bb background_color=\u00a0\u00bb#FFFFFF\u00a0\u00bb use_background_color_gradient=\u00a0\u00bbon\u00a0\u00bb background_color_gradient_direction=\u00a0\u00bb0deg\u00a0\u00bb background_color_gradient_stops=\u00a0\u00bb#f7f2ef 82%|rgba(255,255,255,0) 100%\u00a0\u00bb background_last_edited=\u00a0\u00bboff|desktop\u00a0\u00bb background_enable_color_tablet=\u00a0\u00bboff\u00a0\u00bb use_background_color_gradient_tablet=\u00a0\u00bbon\u00a0\u00bb background_color_gradient_stops_tablet=\u00a0\u00bb#e1d9d7 80%|rgba(255,255,255,0) 80%\u00a0\u00bb global_module=\u00a0\u00bb421&Prime; saved_tabs=\u00a0\u00bball\u00a0\u00bb locked=\u00a0\u00bboff\u00a0\u00bb global_colors_info=\u00a0\u00bb{}\u00a0\u00bb][et_pb_row column_structure=\u00a0\u00bb1_2,1_2&Prime; _builder_version=\u00a0\u00bb4.18.0&Prime; _module_preset=\u00a0\u00bbdefault\u00a0\u00bb custom_padding=\u00a0\u00bb0px||0px||true|false\u00a0\u00bb locked=\u00a0\u00bboff\u00a0\u00bb global_colors_info=\u00a0\u00bb{}\u00a0\u00bb][et_pb_column type=\u00a0\u00bb1_2&Prime; _builder_version=\u00a0\u00bb4.17.6&Prime; _module_preset=\u00a0\u00bbdefault\u00a0\u00bb global_colors_info=\u00a0\u00bb{}\u00a0\u00bb][et_pb_image src=\u00a0\u00bbhttp:\/\/www.existe-en-ciel.com\/Veronique\/wp-content\/uploads\/2023\/03\/lise-loncan-in-deco-architecture-interieure4.jpg\u00a0\u00bb title_text=\u00a0\u00bblise-loncan-in-deco-architecture-interieure4&Prime; _builder_version=\u00a0\u00bb4.18.0&Prime; _module_preset=\u00a0\u00bbdefault\u00a0\u00bb border_radii=\u00a0\u00bboff|1000px|1000px||\u00a0\u00bb border_color_all=\u00a0\u00bb#2B2521&Prime; locked=\u00a0\u00bboff\u00a0\u00bb global_colors_info=\u00a0\u00bb{}\u00a0\u00bb][\/et_pb_image][et_pb_image src=\u00a0\u00bbhttp:\/\/www.existe-en-ciel.com\/Veronique\/wp-content\/uploads\/2023\/03\/cuisine-lyon-avec-table-lise-loncan-in-deco-architecture-interieure.jpg\u00a0\u00bb title_text=\u00a0\u00bbcuisine-lyon-avec-table-lise-loncan-in-deco-architecture-interieure\u00a0\u00bb _builder_version=\u00a0\u00bb4.18.0&Prime; _module_preset=\u00a0\u00bbdefault\u00a0\u00bb positioning=\u00a0\u00bbabsolute\u00a0\u00bb position_origin_a=\u00a0\u00bbcenter_left\u00a0\u00bb width=\u00a0\u00bb50%\u00a0\u00bb max_width_tablet=\u00a0\u00bb200px\u00a0\u00bb max_width_phone=\u00a0\u00bb150px\u00a0\u00bb max_width_last_edited=\u00a0\u00bboff|desktop\u00a0\u00bb custom_margin=\u00a0\u00bb|||-3vw|false|false\u00a0\u00bb custom_margin_tablet=\u00a0\u00bb0%|||0%|false|false\u00a0\u00bb custom_margin_phone=\u00a0\u00bb0%|||0%|false|false\u00a0\u00bb custom_margin_last_edited=\u00a0\u00bboff|desktop\u00a0\u00bb border_width_all=\u00a0\u00bb7px\u00a0\u00bb border_color_all=\u00a0\u00bb#972148&Prime; locked=\u00a0\u00bboff\u00a0\u00bb global_colors_info=\u00a0\u00bb{}\u00a0\u00bb][\/et_pb_image][\/et_pb_column][et_pb_column type=\u00a0\u00bb1_2&Prime; _builder_version=\u00a0\u00bb4.17.6&Prime; _module_preset=\u00a0\u00bbdefault\u00a0\u00bb custom_padding=\u00a0\u00bb60px||60px||true|false\u00a0\u00bb custom_padding_tablet=\u00a0\u00bb20px||20px||true|false\u00a0\u00bb custom_padding_phone=\u00a0\u00bb0px||0px||true|false\u00a0\u00bb custom_padding_last_edited=\u00a0\u00bbon|phone\u00a0\u00bb global_colors_info=\u00a0\u00bb{}\u00a0\u00bb][et_pb_text _builder_version=\u00a0\u00bb4.18.0&Prime; _module_preset=\u00a0\u00bb7b39e609-07da-4c2d-b385-8265485d0349&Prime; header_font_size=\u00a0\u00bb7px\u00a0\u00bb header_2_font=\u00a0\u00bbKrona One|||on|||||\u00a0\u00bb header_2_text_color=\u00a0\u00bb#972148&Prime; header_2_font_size=\u00a0\u00bb45px\u00a0\u00bb header_2_line_height=\u00a0\u00bb1.2em\u00a0\u00bb header_2_font_size_tablet=\u00a0\u00bb50px\u00a0\u00bb header_2_font_size_phone=\u00a0\u00bb30px\u00a0\u00bb header_2_font_size_last_edited=\u00a0\u00bbon|phone\u00a0\u00bb locked=\u00a0\u00bboff\u00a0\u00bb global_colors_info=\u00a0\u00bb{}\u00a0\u00bb]<\/p>\n<h2>Un projet ? <br \/>Un besoin ?<br \/>appelez-moi<\/h2>\n<p>[\/et_pb_text][et_pb_text _builder_version=\u00a0\u00bb4.18.0&Prime; _module_preset=\u00a0\u00bb3a5fa9a7-7987-4564-89a5-37b87a5b6ad8&Prime; text_text_color=\u00a0\u00bb#972148&Prime; header_3_font=\u00a0\u00bbKrona One||||||||\u00a0\u00bb header_3_text_color=\u00a0\u00bb#972148&Prime; header_3_font_size=\u00a0\u00bb32px\u00a0\u00bb header_3_line_height=\u00a0\u00bb1.4em\u00a0\u00bb header_3_font_size_tablet=\u00a0\u00bb20px\u00a0\u00bb header_3_font_size_phone=\u00a0\u00bb16px\u00a0\u00bb header_3_font_size_last_edited=\u00a0\u00bbon|phone\u00a0\u00bb global_colors_info=\u00a0\u00bb{}\u00a0\u00bb]<\/p>\n<h3><span>06 50 90 24 00<\/span><\/h3>\n<p>[\/et_pb_text][et_pb_button button_url=\u00a0\u00bbmailto:lise.loncan@gmail.com\u00a0\u00bb button_text=\u00a0\u00bbEnvoyez-moi un message\u00a0\u00bb _builder_version=\u00a0\u00bb4.18.0&Prime; _module_preset=\u00a0\u00bba93bd5f4-85ca-4af8-aab9-5954042d5969&Prime; custom_button=\u00a0\u00bbon\u00a0\u00bb button_text_size=\u00a0\u00bb14px\u00a0\u00bb button_text_color=\u00a0\u00bb#FFFFFF\u00a0\u00bb button_bg_color=\u00a0\u00bb#FECD50&Prime; button_border_width=\u00a0\u00bb0px\u00a0\u00bb button_border_radius=\u00a0\u00bb0px\u00a0\u00bb button_letter_spacing=\u00a0\u00bb4px\u00a0\u00bb button_font=\u00a0\u00bbKrona One|||on|||||\u00a0\u00bb custom_padding=\u00a0\u00bb16px|24px|16px|24px|true|true\u00a0\u00bb custom_padding_tablet=\u00a0\u00bb16px|28px|16px|28px|true|true\u00a0\u00bb custom_padding_phone=\u00a0\u00bb14px|20px|14px|20px|true|true\u00a0\u00bb custom_padding_last_edited=\u00a0\u00bboff|desktop\u00a0\u00bb button_text_size_tablet=\u00a0\u00bb15px\u00a0\u00bb button_text_size_phone=\u00a0\u00bb14px\u00a0\u00bb button_text_size_last_edited=\u00a0\u00bboff|desktop\u00a0\u00bb locked=\u00a0\u00bboff\u00a0\u00bb global_colors_info=\u00a0\u00bb{}\u00a0\u00bb button_text_color__hover_enabled=\u00a0\u00bboff|hover\u00a0\u00bb button_bg_color__hover=\u00a0\u00bb#372E2B\u00a0\u00bb button_bg_color__hover_enabled=\u00a0\u00bboff|desktop\u00a0\u00bb][\/et_pb_button][\/et_pb_column][\/et_pb_row][\/et_pb_section]<\/p>\n","protected":false},"excerpt":{"rendered":"<p>Am\u00e9nagementext\u00e9rieur &nbsp;Si vous avez la chance d\u2019avoir un jardin ou une piscine et souhaitez vous y sentir bien, l\u2019harmonie des lieux peut y r\u00e9gner comme dans un int\u00e9rieur ! En fonction de vos envies, je dessine une cuisine d\u2019\u00e9t\u00e9, ou travaille le look de la propri\u00e9t\u00e9, depuis le portail d\u2019entr\u00e9e jusqu\u2019au fond du jardin. Depuis [&hellip;]<\/p>\n","protected":false},"author":1,"featured_media":0,"parent":0,"menu_order":0,"comment_status":"closed","ping_status":"closed","template":"","meta":{"_et_pb_use_builder":"on","_et_pb_old_content":"","_et_gb_content_width":"","footnotes":""},"class_list":["post-434","page","type-page","status-publish","hentry"],"_links":{"self":[{"href":"http:\/\/www.existe-en-ciel.com\/Veronique\/wp-json\/wp\/v2\/pages\/434","targetHints":{"allow":["GET"]}}],"collection":[{"href":"http:\/\/www.existe-en-ciel.com\/Veronique\/wp-json\/wp\/v2\/pages"}],"about":[{"href":"http:\/\/www.existe-en-ciel.com\/Veronique\/wp-json\/wp\/v2\/types\/page"}],"author":[{"embeddable":true,"href":"http:\/\/www.existe-en-ciel.com\/Veronique\/wp-json\/wp\/v2\/users\/1"}],"replies":[{"embeddable":true,"href":"http:\/\/www.existe-en-ciel.com\/Veronique\/wp-json\/wp\/v2\/comments?post=434"}],"version-history":[{"count":4,"href":"http:\/\/www.existe-en-ciel.com\/Veronique\/wp-json\/wp\/v2\/pages\/434\/revisions"}],"predecessor-version":[{"id":589,"href":"http:\/\/www.existe-en-ciel.com\/Veronique\/wp-json\/wp\/v2\/pages\/434\/revisions\/589"}],"wp:attachment":[{"href":"http:\/\/www.existe-en-ciel.com\/Veronique\/wp-json\/wp\/v2\/media?parent=434"}],"curies":[{"name":"wp","href":"https:\/\/api.w.org\/{rel}","templated":true}]}}